{"id":1324,"date":"2021-08-05T12:20:50","date_gmt":"2021-08-05T12:20:50","guid":{"rendered":"https:\/\/luonnonmonimuotoisuus.fi\/sobre-nosotros\/"},"modified":"2022-08-29T08:24:00","modified_gmt":"2022-08-29T08:24:00","slug":"sobre-nosotros","status":"publish","type":"page","link":"https:\/\/luonnonmonimuotoisuus.fi\/es\/sobre-nosotros\/","title":{"rendered":"Sobre nosotros"},"content":{"rendered":"<p>[et_pb_section fb_built=\u00bb1&#8243; _builder_version=\u00bb4.4.2&#8243; background_color=\u00bb#FFFFFF\u00bb da_disable_devices=\u00bboff|off|off\u00bb da_is_popup=\u00bboff\u00bb da_exit_intent=\u00bboff\u00bb da_has_close=\u00bbon\u00bb da_alt_close=\u00bboff\u00bb da_dark_close=\u00bboff\u00bb da_not_modal=\u00bbon\u00bb da_is_singular=\u00bboff\u00bb da_with_loader=\u00bboff\u00bb da_has_shadow=\u00bbon\u00bb][et_pb_row make_equal=\u00bbon\u00bb _builder_version=\u00bb4.4.2&#8243; max_width=\u00bb700px\u00bb module_alignment=\u00bbcenter\u00bb custom_padding=\u00bb0px||100px|||\u00bb custom_css_main_element=\u00bbmax-width: 700px!important;\u00bb][et_pb_column type=\u00bb4_4&#8243; _builder_version=\u00bb4.4.2&#8243;][et_pb_image src=\u00bbhttps:\/\/luonnonmonimuotoisuus-fi.hel5.wp-cloud.dev\/wp-content\/uploads\/2020\/04\/hero.png\u00bb _builder_version=\u00bb4.4.2&#8243; custom_margin=\u00bb||60px|||\u00bb][\/et_pb_image][et_pb_text _builder_version=\u00bb4.4.2&#8243; custom_margin=\u00bb0px||0px||false|false\u00bb custom_padding=\u00bb0px||0px||false|false\u00bb hover_enabled=\u00bb0&#8243;]<\/p>\n<h2 class=\"p1\">Finlandia es un pa\u00eds l\u00edder en investigaci\u00f3n sobre cambio medioambiental.<\/h2>\n<p>Este proyecto est\u00e1 especialmente enfocado para estudiantes en edad escolar y cualquier otra persona interesada en cambio medioambiental. Est\u00e1 liderado por el <a href=\"https:\/\/www.helsinki.fi\/en\/researchgroups\/research-centre-for-ecological-change\">Centro de Investigaci\u00f3n para el Cambio Ecol\u00f3gico<\/a> (REC, en ingl\u00e9s), centro de investigaci\u00f3n compuesto por cinco profesores universitarios y casi 60 investigadores. Estudiando biodiversidad contiene diez videos cortos (de 3 a 5 minutos) con material adicional. La serie est\u00e1 dise\u00f1ada para que cada cap\u00edtulo funcione solo y como parte de una serie. En cada cap\u00edtulo encontrar\u00e1s tres tipos de material:<\/p>\n<ol>\n<li><strong>Leer m\u00e1s. <\/strong>Art\u00edculos cient\u00edficos sobre el tema.<\/li>\n<li><strong>Descubre.<\/strong> Preguntas adicionales para ayudar a profundizar en el tema.<\/li>\n<li><strong>Proyecto. <\/strong>Sugerencias para proyectos independientes, algunos grandes y otros m\u00e1s peque\u00f1os.<\/li>\n<\/ol>\n<p>Todas las secciones funcionan tanto en grupo como individualmente.<\/p>\n<p>Traducci\u00f3n al espa\u00f1ol por Manuel Frias.<iframe id=\"fskey-iframe\" class=\"fskey-autofill-dlg\" style=\"display: none;\" sandbox=\"allow-same-origin\"><\/iframe><\/p>\n<div id=\"fskey-tooltip\" class=\"fskey-tooltip\" style=\"display: none;\"><\/div>\n<p><iframe id=\"fskey-iframe\" class=\"fskey-autofill-dlg\" style=\"display: none;\" sandbox=\"allow-same-origin\"><\/iframe><\/p>\n<div id=\"fskey-tooltip\" class=\"fskey-tooltip\" style=\"display: none;\"><\/div>\n<div id=\"gtx-trans\" style=\"position: absolute; left: 348px; top: 253.812px;\">\n<div class=\"gtx-trans-icon\"><\/div>\n<\/div>\n<p>[\/et_pb_text][\/et_pb_column][\/et_pb_row][\/et_pb_section][et_pb_section fb_built=\u00bb1&#8243; _builder_version=\u00bb4.4.2&#8243; background_color=\u00bb#f9fbfc\u00bb custom_padding=\u00bb10vh||5vh||false|false\u00bb da_disable_devices=\u00bboff|off|off\u00bb da_is_popup=\u00bboff\u00bb da_exit_intent=\u00bboff\u00bb da_has_close=\u00bbon\u00bb da_alt_close=\u00bboff\u00bb da_dark_close=\u00bboff\u00bb da_not_modal=\u00bbon\u00bb da_is_singular=\u00bboff\u00bb da_with_loader=\u00bboff\u00bb da_has_shadow=\u00bbon\u00bb][et_pb_row column_structure=\u00bb1_4,1_4,1_4,1_4&#8243; _builder_version=\u00bb4.4.2&#8243; custom_padding=\u00bb10vh||10vh||false|false\u00bb custom_css_main_element=\u00bbalign-items: center;||display: flex;\u00bb][et_pb_column type=\u00bb1_4&#8243; _builder_version=\u00bb4.4.2&#8243;][et_pb_image src=\u00bbhttps:\/\/luonnonmonimuotoisuus.fi\/wp-content\/uploads\/2020\/04\/rec-logo.png\u00bb url=\u00bbhttps:\/\/www.helsinki.fi\/en\/researchgroups\/research-centre-for-ecological-change\u00bb url_new_window=\u00bbon\u00bb align=\u00bbcenter\u00bb _builder_version=\u00bb4.4.2&#8243; max_width=\u00bb170px\u00bb][\/et_pb_image][\/et_pb_column][et_pb_column type=\u00bb1_4&#8243; _builder_version=\u00bb4.4.2&#8243;][et_pb_image src=\u00bbhttps:\/\/luonnonmonimuotoisuus.fi\/wp-content\/uploads\/2020\/04\/hy.png\u00bb url=\u00bbhttps:\/\/www.helsinki.fi\/en\/\u00bb url_new_window=\u00bbon\u00bb align=\u00bbcenter\u00bb _builder_version=\u00bb4.4.2&#8243; max_width=\u00bb170px\u00bb][\/et_pb_image][\/et_pb_column][et_pb_column type=\u00bb1_4&#8243; _builder_version=\u00bb4.4.2&#8243;][et_pb_image src=\u00bbhttps:\/\/www.nessling.fi\/wp-content\/uploads\/2017\/03\/nessling-logo.png\u00bb url=\u00bbhttps:\/\/www.nessling.fi\/en\/\u00bb url_new_window=\u00bbon\u00bb _builder_version=\u00bb4.4.2&#8243;][\/et_pb_image][\/et_pb_column][et_pb_column type=\u00bb1_4&#8243; _builder_version=\u00bb4.4.2&#8243;][et_pb_image src=\u00bbhttps:\/\/luonnonmonimuotoisuus.fi\/wp-content\/uploads\/2020\/04\/500px-JAE_LOGO_PYSTY_FIN.svg_.png\u00bb url=\u00bbhttps:\/\/jaes.fi\/en\/\u00bb url_new_window=\u00bbon\u00bb align=\u00bbcenter\u00bb _builder_version=\u00bb4.4.2&#8243; max_width=\u00bb150px\u00bb][\/et_pb_image][\/et_pb_column][\/et_pb_row][\/et_pb_section]<\/p>\n","protected":false},"excerpt":{"rendered":"<p>Hola<\/p>\n","protected":false},"author":1,"featured_media":0,"parent":0,"menu_order":0,"comment_status":"closed","ping_status":"closed","template":"fullwidth.php","meta":{"_et_pb_use_builder":"on","_et_pb_old_content":"","_et_gb_content_width":"","footnotes":""},"class_list":["post-1324","page","type-page","status-publish","hentry"],"yoast_head":"<!-- This site is optimized with the Yoast SEO plugin v27.3 - https:\/\/yoast.com\/product\/yoast-seo-wordpress\/ -->\n<title>Finlandia es un pa\u00eds l\u00edder en investigaci\u00f3n sobre cambio medioambiental.<\/title>\n<meta name=\"description\" content=\"Este proyecto est\u00e1 especialmente enfocado para estudiantes en edad escolar y cualquier otra persona interesada en cambio medioambiental.\" \/>\n<meta name=\"robots\" content=\"index, follow, max-snippet:-1, max-image-preview:large, max-video-preview:-1\" \/>\n<link rel=\"canonical\" href=\"https:\/\/luonnonmonimuotoisuus.fi\/es\/sobre-nosotros\/\" \/>\n<meta property=\"og:locale\" content=\"es_ES\" \/>\n<meta property=\"og:type\" content=\"article\" \/>\n<meta property=\"og:title\" content=\"Finlandia es un pa\u00eds l\u00edder en investigaci\u00f3n sobre cambio medioambiental.\" \/>\n<meta property=\"og:description\" content=\"Este proyecto est\u00e1 especialmente enfocado para estudiantes en edad escolar y cualquier otra persona interesada en cambio medioambiental.\" \/>\n<meta property=\"og:url\" content=\"https:\/\/luonnonmonimuotoisuus.fi\/es\/sobre-nosotros\/\" \/>\n<meta property=\"og:site_name\" content=\"Monimuotoisuutta tutkimassa\" \/>\n<meta property=\"article:modified_time\" content=\"2022-08-29T08:24:00+00:00\" \/>\n<meta property=\"og:image\" content=\"https:\/\/luonnonmonimuotoisuus-fi.hel5.wp-cloud.dev\/wp-content\/uploads\/2020\/04\/hero.png\" \/>\n<meta name=\"twitter:card\" content=\"summary_large_image\" \/>\n<meta name=\"twitter:title\" content=\"Finlandia es un pa\u00eds l\u00edder en investigaci\u00f3n sobre cambio medioambiental.\" \/>\n<meta name=\"twitter:description\" content=\"Este proyecto est\u00e1 especialmente enfocado para estudiantes en edad escolar y cualquier otra persona interesada en cambio medioambiental.\" \/>\n<meta name=\"twitter:image\" content=\"https:\/\/luonnonmonimuotoisuus-fi.hel5.wp-cloud.dev\/wp-content\/uploads\/2020\/04\/hero.png\" \/>\n<meta name=\"twitter:label1\" content=\"Tiempo de lectura\" \/>\n\t<meta name=\"twitter:data1\" content=\"3 minutos\" \/>\n<script type=\"application\/ld+json\" class=\"yoast-schema-graph\">{\"@context\":\"https:\\\/\\\/schema.org\",\"@graph\":[{\"@type\":\"WebPage\",\"@id\":\"https:\\\/\\\/luonnonmonimuotoisuus.fi\\\/es\\\/sobre-nosotros\\\/\",\"url\":\"https:\\\/\\\/luonnonmonimuotoisuus.fi\\\/es\\\/sobre-nosotros\\\/\",\"name\":\"Finlandia es un pa\u00eds l\u00edder en investigaci\u00f3n sobre cambio medioambiental.\",\"isPartOf\":{\"@id\":\"https:\\\/\\\/luonnonmonimuotoisuus.fi\\\/es\\\/#website\"},\"datePublished\":\"2021-08-05T12:20:50+00:00\",\"dateModified\":\"2022-08-29T08:24:00+00:00\",\"description\":\"Este proyecto est\u00e1 especialmente enfocado para estudiantes en edad escolar y cualquier otra persona interesada en cambio medioambiental.\",\"breadcrumb\":{\"@id\":\"https:\\\/\\\/luonnonmonimuotoisuus.fi\\\/es\\\/sobre-nosotros\\\/#breadcrumb\"},\"inLanguage\":\"es\",\"potentialAction\":[{\"@type\":\"ReadAction\",\"target\":[\"https:\\\/\\\/luonnonmonimuotoisuus.fi\\\/es\\\/sobre-nosotros\\\/\"]}]},{\"@type\":\"BreadcrumbList\",\"@id\":\"https:\\\/\\\/luonnonmonimuotoisuus.fi\\\/es\\\/sobre-nosotros\\\/#breadcrumb\",\"itemListElement\":[{\"@type\":\"ListItem\",\"position\":1,\"name\":\"Home\",\"item\":\"https:\\\/\\\/luonnonmonimuotoisuus.fi\\\/es\\\/\"},{\"@type\":\"ListItem\",\"position\":2,\"name\":\"Sobre nosotros\"}]},{\"@type\":\"WebSite\",\"@id\":\"https:\\\/\\\/luonnonmonimuotoisuus.fi\\\/es\\\/#website\",\"url\":\"https:\\\/\\\/luonnonmonimuotoisuus.fi\\\/es\\\/\",\"name\":\"Monimuotoisuutta tutkimassa\",\"description\":\"\",\"potentialAction\":[{\"@type\":\"SearchAction\",\"target\":{\"@type\":\"EntryPoint\",\"urlTemplate\":\"https:\\\/\\\/luonnonmonimuotoisuus.fi\\\/es\\\/?s={search_term_string}\"},\"query-input\":{\"@type\":\"PropertyValueSpecification\",\"valueRequired\":true,\"valueName\":\"search_term_string\"}}],\"inLanguage\":\"es\"}]}<\/script>\n<!-- \/ Yoast SEO plugin. -->","yoast_head_json":{"title":"Finlandia es un pa\u00eds l\u00edder en investigaci\u00f3n sobre cambio medioambiental.","description":"Este proyecto est\u00e1 especialmente enfocado para estudiantes en edad escolar y cualquier otra persona interesada en cambio medioambiental.","robots":{"index":"index","follow":"follow","max-snippet":"max-snippet:-1","max-image-preview":"max-image-preview:large","max-video-preview":"max-video-preview:-1"},"canonical":"https:\/\/luonnonmonimuotoisuus.fi\/es\/sobre-nosotros\/","og_locale":"es_ES","og_type":"article","og_title":"Finlandia es un pa\u00eds l\u00edder en investigaci\u00f3n sobre cambio medioambiental.","og_description":"Este proyecto est\u00e1 especialmente enfocado para estudiantes en edad escolar y cualquier otra persona interesada en cambio medioambiental.","og_url":"https:\/\/luonnonmonimuotoisuus.fi\/es\/sobre-nosotros\/","og_site_name":"Monimuotoisuutta tutkimassa","article_modified_time":"2022-08-29T08:24:00+00:00","og_image":[{"url":"https:\/\/luonnonmonimuotoisuus-fi.hel5.wp-cloud.dev\/wp-content\/uploads\/2020\/04\/hero.png","type":"","width":"","height":""}],"twitter_card":"summary_large_image","twitter_title":"Finlandia es un pa\u00eds l\u00edder en investigaci\u00f3n sobre cambio medioambiental.","twitter_description":"Este proyecto est\u00e1 especialmente enfocado para estudiantes en edad escolar y cualquier otra persona interesada en cambio medioambiental.","twitter_image":"https:\/\/luonnonmonimuotoisuus-fi.hel5.wp-cloud.dev\/wp-content\/uploads\/2020\/04\/hero.png","twitter_misc":{"Tiempo de lectura":"3 minutos"},"schema":{"@context":"https:\/\/schema.org","@graph":[{"@type":"WebPage","@id":"https:\/\/luonnonmonimuotoisuus.fi\/es\/sobre-nosotros\/","url":"https:\/\/luonnonmonimuotoisuus.fi\/es\/sobre-nosotros\/","name":"Finlandia es un pa\u00eds l\u00edder en investigaci\u00f3n sobre cambio medioambiental.","isPartOf":{"@id":"https:\/\/luonnonmonimuotoisuus.fi\/es\/#website"},"datePublished":"2021-08-05T12:20:50+00:00","dateModified":"2022-08-29T08:24:00+00:00","description":"Este proyecto est\u00e1 especialmente enfocado para estudiantes en edad escolar y cualquier otra persona interesada en cambio medioambiental.","breadcrumb":{"@id":"https:\/\/luonnonmonimuotoisuus.fi\/es\/sobre-nosotros\/#breadcrumb"},"inLanguage":"es","potentialAction":[{"@type":"ReadAction","target":["https:\/\/luonnonmonimuotoisuus.fi\/es\/sobre-nosotros\/"]}]},{"@type":"BreadcrumbList","@id":"https:\/\/luonnonmonimuotoisuus.fi\/es\/sobre-nosotros\/#breadcrumb","itemListElement":[{"@type":"ListItem","position":1,"name":"Home","item":"https:\/\/luonnonmonimuotoisuus.fi\/es\/"},{"@type":"ListItem","position":2,"name":"Sobre nosotros"}]},{"@type":"WebSite","@id":"https:\/\/luonnonmonimuotoisuus.fi\/es\/#website","url":"https:\/\/luonnonmonimuotoisuus.fi\/es\/","name":"Monimuotoisuutta tutkimassa","description":"","potentialAction":[{"@type":"SearchAction","target":{"@type":"EntryPoint","urlTemplate":"https:\/\/luonnonmonimuotoisuus.fi\/es\/?s={search_term_string}"},"query-input":{"@type":"PropertyValueSpecification","valueRequired":true,"valueName":"search_term_string"}}],"inLanguage":"es"}]}},"_links":{"self":[{"href":"https:\/\/luonnonmonimuotoisuus.fi\/es\/wp-json\/wp\/v2\/pages\/1324","targetHints":{"allow":["GET"]}}],"collection":[{"href":"https:\/\/luonnonmonimuotoisuus.fi\/es\/wp-json\/wp\/v2\/pages"}],"about":[{"href":"https:\/\/luonnonmonimuotoisuus.fi\/es\/wp-json\/wp\/v2\/types\/page"}],"author":[{"embeddable":true,"href":"https:\/\/luonnonmonimuotoisuus.fi\/es\/wp-json\/wp\/v2\/users\/1"}],"replies":[{"embeddable":true,"href":"https:\/\/luonnonmonimuotoisuus.fi\/es\/wp-json\/wp\/v2\/comments?post=1324"}],"version-history":[{"count":18,"href":"https:\/\/luonnonmonimuotoisuus.fi\/es\/wp-json\/wp\/v2\/pages\/1324\/revisions"}],"predecessor-version":[{"id":2070,"href":"https:\/\/luonnonmonimuotoisuus.fi\/es\/wp-json\/wp\/v2\/pages\/1324\/revisions\/2070"}],"wp:attachment":[{"href":"https:\/\/luonnonmonimuotoisuus.fi\/es\/wp-json\/wp\/v2\/media?parent=1324"}],"curies":[{"name":"wp","href":"https:\/\/api.w.org\/{rel}","templated":true}]}}