{"id":722,"date":"2020-04-27T21:47:00","date_gmt":"2020-04-27T21:47:00","guid":{"rendered":"http:\/\/localhost:9999\/rec\/722-2\/"},"modified":"2022-08-29T08:26:08","modified_gmt":"2022-08-29T08:26:08","slug":"allmant","status":"publish","type":"page","link":"https:\/\/luonnonmonimuotoisuus.fi\/sv\/allmant\/","title":{"rendered":"Allm\u00e4nt"},"content":{"rendered":"<p>[et_pb_section fb_built=&#8221;1&#8243; _builder_version=&#8221;4.4.2&#8243; background_color=&#8221;#FFFFFF&#8221; da_disable_devices=&#8221;off|off|off&#8221; da_is_popup=&#8221;off&#8221; da_exit_intent=&#8221;off&#8221; da_has_close=&#8221;on&#8221; da_alt_close=&#8221;off&#8221; da_dark_close=&#8221;off&#8221; da_not_modal=&#8221;on&#8221; da_is_singular=&#8221;off&#8221; da_with_loader=&#8221;off&#8221; da_has_shadow=&#8221;on&#8221;][et_pb_row make_equal=&#8221;on&#8221; _builder_version=&#8221;4.4.2&#8243; max_width=&#8221;700px&#8221; module_alignment=&#8221;center&#8221; custom_padding=&#8221;0px||100px|||&#8221; custom_css_main_element=&#8221;max-width: 700px!important;&#8221;][et_pb_column type=&#8221;4_4&#8243; _builder_version=&#8221;4.4.2&#8243;][et_pb_image src=&#8221;https:\/\/luonnonmonimuotoisuus-fi.hel5.wp-cloud.dev\/wp-content\/uploads\/2020\/04\/hero.png&#8221; _builder_version=&#8221;4.4.2&#8243; custom_margin=&#8221;||60px|||&#8221;][\/et_pb_image][et_pb_text _builder_version=&#8221;4.4.2&#8243; custom_margin=&#8221;0px||0px||false|false&#8221; custom_padding=&#8221;0px||0px||false|false&#8221; hover_enabled=&#8221;0&#8243;]<\/p>\n<h2 class=\"p1\"><b>Finland \u00e4r ett av de ledande l\u00e4nderna inom forskningen i milj\u00f6f\u00f6r\u00e4ndringar.<\/b><\/h2>\n<p>P\u00e5 denna webbplats vill vi ber\u00e4tta om milj\u00f6f\u00f6r\u00e4ndringar och relaterad forskning f\u00f6r skolbarn och andra intresserade. Bakom projektet ligger\u00a0<a href=\"https:\/\/www.helsinki.fi\/en\/researchgroups\/research-centre-for-ecological-change\" target=\"_blank\" rel=\"noopener noreferrer\">Research Centre for Ecological Change<\/a>, ett forskningscentrum med fem professorer och n\u00e4stan sextio forskare. P\u00e5 webbplatsen hittar du tio korta videoklipp (3\u20135 minuter) och kompletterande material. Serien \u00e4r byggd s\u00e5 att varje del fungerar b\u00e5de individuellt och som en del av en st\u00f6rre helhet. I varje kapitel hittar du tre typer av material:<\/p>\n<ol>\n<li><strong>L\u00e4s mera.<\/strong> H\u00e4r kan du l\u00e4sa vetenskapliga artiklar som relaterar till kapitlet.<\/li>\n<li><strong>Ta reda p\u00e5.<\/strong> Det finns m\u00f6jligheter att f\u00f6rdjupa sig i \u00e4mnet genom ytterligare fr\u00e5gor.<\/li>\n<li><strong>Projektid\u00e9.<\/strong> I det h\u00e4r avsnittet hittar du \u00e4mnen f\u00f6r din egen forskning \u2013 n\u00e5gra \u00e4r mer omfattande, andra \u00e4r mer begr\u00e4nsade.<\/li>\n<\/ol>\n<p>Alla delar fungerar b\u00e5de i klassrummet och f\u00f6r sj\u00e4lvst\u00e4ndigt arbete.<\/p>\n<p>\u00d6vers\u00e4ttning till svenska: Annika Luther.<\/p>\n<p>[\/et_pb_text][\/et_pb_column][\/et_pb_row][\/et_pb_section][et_pb_section fb_built=&#8221;1&#8243; _builder_version=&#8221;4.4.2&#8243; background_color=&#8221;#f9fbfc&#8221; custom_padding=&#8221;10vh||5vh||false|false&#8221; da_disable_devices=&#8221;off|off|off&#8221; da_is_popup=&#8221;off&#8221; da_exit_intent=&#8221;off&#8221; da_has_close=&#8221;on&#8221; da_alt_close=&#8221;off&#8221; da_dark_close=&#8221;off&#8221; da_not_modal=&#8221;on&#8221; da_is_singular=&#8221;off&#8221; da_with_loader=&#8221;off&#8221; da_has_shadow=&#8221;on&#8221;][et_pb_row column_structure=&#8221;1_4,1_4,1_4,1_4&#8243; _builder_version=&#8221;4.4.2&#8243; custom_padding=&#8221;10vh||10vh||false|false&#8221; custom_css_main_element=&#8221;align-items: center;||display: flex;&#8221;][et_pb_column type=&#8221;1_4&#8243; _builder_version=&#8221;4.4.2&#8243;][et_pb_image src=&#8221;https:\/\/luonnonmonimuotoisuus.fi\/wp-content\/uploads\/2020\/04\/rec-logo.png&#8221; url=&#8221;https:\/\/www.helsinki.fi\/en\/researchgroups\/research-centre-for-ecological-change&#8221; url_new_window=&#8221;on&#8221; align=&#8221;center&#8221; _builder_version=&#8221;4.4.2&#8243; max_width=&#8221;170px&#8221;][\/et_pb_image][\/et_pb_column][et_pb_column type=&#8221;1_4&#8243; _builder_version=&#8221;4.4.2&#8243;][et_pb_image src=&#8221;https:\/\/luonnonmonimuotoisuus.fi\/wp-content\/uploads\/2020\/04\/hy.png&#8221; url=&#8221;https:\/\/www.helsinki.fi\/sv\/&#8221; url_new_window=&#8221;on&#8221; align=&#8221;center&#8221; _builder_version=&#8221;4.4.2&#8243; max_width=&#8221;170px&#8221;][\/et_pb_image][\/et_pb_column][et_pb_column type=&#8221;1_4&#8243; _builder_version=&#8221;4.4.2&#8243;][et_pb_image src=&#8221;https:\/\/www.nessling.fi\/wp-content\/uploads\/2017\/03\/nessling-logo.png&#8221; url=&#8221;https:\/\/www.nessling.fi\/en\/&#8221; url_new_window=&#8221;on&#8221; _builder_version=&#8221;4.4.2&#8243;][\/et_pb_image][\/et_pb_column][et_pb_column type=&#8221;1_4&#8243; _builder_version=&#8221;4.4.2&#8243;][et_pb_image src=&#8221;https:\/\/luonnonmonimuotoisuus.fi\/wp-content\/uploads\/2020\/04\/500px-JAE_LOGO_PYSTY_FIN.svg_.png&#8221; url=&#8221;https:\/\/jaes.fi\/en\/&#8221; url_new_window=&#8221;on&#8221; align=&#8221;center&#8221; _builder_version=&#8221;4.4.2&#8243; max_width=&#8221;150px&#8221;][\/et_pb_image][\/et_pb_column][\/et_pb_row][\/et_pb_section]<\/p>\n","protected":false},"excerpt":{"rendered":"<p>Hello<\/p>\n","protected":false},"author":1,"featured_media":0,"parent":0,"menu_order":0,"comment_status":"closed","ping_status":"closed","template":"fullwidth.php","meta":{"_et_pb_use_builder":"on","_et_pb_old_content":"","_et_gb_content_width":"","footnotes":""},"class_list":["post-722","page","type-page","status-publish","hentry"],"yoast_head":"<!-- This site is optimized with the Yoast SEO plugin v27.3 - https:\/\/yoast.com\/product\/yoast-seo-wordpress\/ -->\n<title>Finland ligger i framkant n\u00e4r det g\u00e4ller forskning om milj\u00f6f\u00f6r\u00e4ndringar - Forskning p\u00e5 m\u00e5ngfald<\/title>\n<meta name=\"description\" content=\"P\u00e5 den h\u00e4r sidan vill vi ber\u00e4tta f\u00f6r skolbarn och andra intresserade direkt om milj\u00f6f\u00f6r\u00e4ndringar och relaterad forskning.\" \/>\n<meta name=\"robots\" content=\"index, follow, max-snippet:-1, max-image-preview:large, max-video-preview:-1\" \/>\n<link rel=\"canonical\" href=\"https:\/\/luonnonmonimuotoisuus.fi\/sv\/allmant\/\" \/>\n<meta property=\"og:locale\" content=\"sv_SE\" \/>\n<meta property=\"og:type\" content=\"article\" \/>\n<meta property=\"og:title\" content=\"Finland ligger i framkant n\u00e4r det g\u00e4ller forskning om milj\u00f6f\u00f6r\u00e4ndringar.\" \/>\n<meta property=\"og:description\" content=\"P\u00e5 den h\u00e4r sidan vill vi ber\u00e4tta f\u00f6r skolbarn och andra intresserade direkt om milj\u00f6f\u00f6r\u00e4ndringar och relaterad forskning.\" \/>\n<meta property=\"og:url\" content=\"https:\/\/luonnonmonimuotoisuus.fi\/sv\/allmant\/\" \/>\n<meta property=\"og:site_name\" content=\"Monimuotoisuutta tutkimassa\" \/>\n<meta property=\"article:modified_time\" content=\"2022-08-29T08:26:08+00:00\" \/>\n<meta property=\"og:image\" content=\"https:\/\/luonnonmonimuotoisuus.fi\/wp-content\/uploads\/2020\/04\/hero.png\" \/>\n\t<meta property=\"og:image:width\" content=\"1422\" \/>\n\t<meta property=\"og:image:height\" content=\"628\" \/>\n\t<meta property=\"og:image:type\" content=\"image\/png\" \/>\n<meta name=\"twitter:card\" content=\"summary_large_image\" \/>\n<meta name=\"twitter:title\" content=\"Finland ligger i framkant n\u00e4r det g\u00e4ller forskning om milj\u00f6f\u00f6r\u00e4ndringar.\" \/>\n<meta name=\"twitter:description\" content=\"P\u00e5 den h\u00e4r sidan vill vi ber\u00e4tta f\u00f6r skolbarn och andra intresserade direkt om milj\u00f6f\u00f6r\u00e4ndringar och relaterad forskning.\" \/>\n<meta name=\"twitter:image\" content=\"https:\/\/luonnonmonimuotoisuus-fi.hel5.wp-cloud.dev\/wp-content\/uploads\/2020\/04\/hero.png\" \/>\n<meta name=\"twitter:label1\" content=\"Ber\u00e4knad l\u00e4stid\" \/>\n\t<meta name=\"twitter:data1\" content=\"3 minuter\" \/>\n<script type=\"application\/ld+json\" class=\"yoast-schema-graph\">{\"@context\":\"https:\\\/\\\/schema.org\",\"@graph\":[{\"@type\":\"WebPage\",\"@id\":\"https:\\\/\\\/luonnonmonimuotoisuus.fi\\\/sv\\\/allmant\\\/\",\"url\":\"https:\\\/\\\/luonnonmonimuotoisuus.fi\\\/sv\\\/allmant\\\/\",\"name\":\"Finland ligger i framkant n\u00e4r det g\u00e4ller forskning om milj\u00f6f\u00f6r\u00e4ndringar - Forskning p\u00e5 m\u00e5ngfald\",\"isPartOf\":{\"@id\":\"https:\\\/\\\/luonnonmonimuotoisuus.fi\\\/es\\\/#website\"},\"datePublished\":\"2020-04-27T21:47:00+00:00\",\"dateModified\":\"2022-08-29T08:26:08+00:00\",\"description\":\"P\u00e5 den h\u00e4r sidan vill vi ber\u00e4tta f\u00f6r skolbarn och andra intresserade direkt om milj\u00f6f\u00f6r\u00e4ndringar och relaterad forskning.\",\"breadcrumb\":{\"@id\":\"https:\\\/\\\/luonnonmonimuotoisuus.fi\\\/sv\\\/allmant\\\/#breadcrumb\"},\"inLanguage\":\"sv-SE\",\"potentialAction\":[{\"@type\":\"ReadAction\",\"target\":[\"https:\\\/\\\/luonnonmonimuotoisuus.fi\\\/sv\\\/allmant\\\/\"]}]},{\"@type\":\"BreadcrumbList\",\"@id\":\"https:\\\/\\\/luonnonmonimuotoisuus.fi\\\/sv\\\/allmant\\\/#breadcrumb\",\"itemListElement\":[{\"@type\":\"ListItem\",\"position\":1,\"name\":\"Home\",\"item\":\"https:\\\/\\\/luonnonmonimuotoisuus.fi\\\/sv\\\/\"},{\"@type\":\"ListItem\",\"position\":2,\"name\":\"Allm\u00e4nt\"}]},{\"@type\":\"WebSite\",\"@id\":\"https:\\\/\\\/luonnonmonimuotoisuus.fi\\\/es\\\/#website\",\"url\":\"https:\\\/\\\/luonnonmonimuotoisuus.fi\\\/es\\\/\",\"name\":\"Monimuotoisuutta tutkimassa\",\"description\":\"\",\"potentialAction\":[{\"@type\":\"SearchAction\",\"target\":{\"@type\":\"EntryPoint\",\"urlTemplate\":\"https:\\\/\\\/luonnonmonimuotoisuus.fi\\\/es\\\/?s={search_term_string}\"},\"query-input\":{\"@type\":\"PropertyValueSpecification\",\"valueRequired\":true,\"valueName\":\"search_term_string\"}}],\"inLanguage\":\"sv-SE\"}]}<\/script>\n<!-- \/ Yoast SEO plugin. -->","yoast_head_json":{"title":"Finland ligger i framkant n\u00e4r det g\u00e4ller forskning om milj\u00f6f\u00f6r\u00e4ndringar - Forskning p\u00e5 m\u00e5ngfald","description":"P\u00e5 den h\u00e4r sidan vill vi ber\u00e4tta f\u00f6r skolbarn och andra intresserade direkt om milj\u00f6f\u00f6r\u00e4ndringar och relaterad forskning.","robots":{"index":"index","follow":"follow","max-snippet":"max-snippet:-1","max-image-preview":"max-image-preview:large","max-video-preview":"max-video-preview:-1"},"canonical":"https:\/\/luonnonmonimuotoisuus.fi\/sv\/allmant\/","og_locale":"sv_SE","og_type":"article","og_title":"Finland ligger i framkant n\u00e4r det g\u00e4ller forskning om milj\u00f6f\u00f6r\u00e4ndringar.","og_description":"P\u00e5 den h\u00e4r sidan vill vi ber\u00e4tta f\u00f6r skolbarn och andra intresserade direkt om milj\u00f6f\u00f6r\u00e4ndringar och relaterad forskning.","og_url":"https:\/\/luonnonmonimuotoisuus.fi\/sv\/allmant\/","og_site_name":"Monimuotoisuutta tutkimassa","article_modified_time":"2022-08-29T08:26:08+00:00","og_image":[{"width":1422,"height":628,"url":"https:\/\/luonnonmonimuotoisuus.fi\/wp-content\/uploads\/2020\/04\/hero.png","type":"image\/png"}],"twitter_card":"summary_large_image","twitter_title":"Finland ligger i framkant n\u00e4r det g\u00e4ller forskning om milj\u00f6f\u00f6r\u00e4ndringar.","twitter_description":"P\u00e5 den h\u00e4r sidan vill vi ber\u00e4tta f\u00f6r skolbarn och andra intresserade direkt om milj\u00f6f\u00f6r\u00e4ndringar och relaterad forskning.","twitter_image":"https:\/\/luonnonmonimuotoisuus-fi.hel5.wp-cloud.dev\/wp-content\/uploads\/2020\/04\/hero.png","twitter_misc":{"Ber\u00e4knad l\u00e4stid":"3 minuter"},"schema":{"@context":"https:\/\/schema.org","@graph":[{"@type":"WebPage","@id":"https:\/\/luonnonmonimuotoisuus.fi\/sv\/allmant\/","url":"https:\/\/luonnonmonimuotoisuus.fi\/sv\/allmant\/","name":"Finland ligger i framkant n\u00e4r det g\u00e4ller forskning om milj\u00f6f\u00f6r\u00e4ndringar - Forskning p\u00e5 m\u00e5ngfald","isPartOf":{"@id":"https:\/\/luonnonmonimuotoisuus.fi\/es\/#website"},"datePublished":"2020-04-27T21:47:00+00:00","dateModified":"2022-08-29T08:26:08+00:00","description":"P\u00e5 den h\u00e4r sidan vill vi ber\u00e4tta f\u00f6r skolbarn och andra intresserade direkt om milj\u00f6f\u00f6r\u00e4ndringar och relaterad forskning.","breadcrumb":{"@id":"https:\/\/luonnonmonimuotoisuus.fi\/sv\/allmant\/#breadcrumb"},"inLanguage":"sv-SE","potentialAction":[{"@type":"ReadAction","target":["https:\/\/luonnonmonimuotoisuus.fi\/sv\/allmant\/"]}]},{"@type":"BreadcrumbList","@id":"https:\/\/luonnonmonimuotoisuus.fi\/sv\/allmant\/#breadcrumb","itemListElement":[{"@type":"ListItem","position":1,"name":"Home","item":"https:\/\/luonnonmonimuotoisuus.fi\/sv\/"},{"@type":"ListItem","position":2,"name":"Allm\u00e4nt"}]},{"@type":"WebSite","@id":"https:\/\/luonnonmonimuotoisuus.fi\/es\/#website","url":"https:\/\/luonnonmonimuotoisuus.fi\/es\/","name":"Monimuotoisuutta tutkimassa","description":"","potentialAction":[{"@type":"SearchAction","target":{"@type":"EntryPoint","urlTemplate":"https:\/\/luonnonmonimuotoisuus.fi\/es\/?s={search_term_string}"},"query-input":{"@type":"PropertyValueSpecification","valueRequired":true,"valueName":"search_term_string"}}],"inLanguage":"sv-SE"}]}},"_links":{"self":[{"href":"https:\/\/luonnonmonimuotoisuus.fi\/sv\/wp-json\/wp\/v2\/pages\/722","targetHints":{"allow":["GET"]}}],"collection":[{"href":"https:\/\/luonnonmonimuotoisuus.fi\/sv\/wp-json\/wp\/v2\/pages"}],"about":[{"href":"https:\/\/luonnonmonimuotoisuus.fi\/sv\/wp-json\/wp\/v2\/types\/page"}],"author":[{"embeddable":true,"href":"https:\/\/luonnonmonimuotoisuus.fi\/sv\/wp-json\/wp\/v2\/users\/1"}],"replies":[{"embeddable":true,"href":"https:\/\/luonnonmonimuotoisuus.fi\/sv\/wp-json\/wp\/v2\/comments?post=722"}],"version-history":[{"count":20,"href":"https:\/\/luonnonmonimuotoisuus.fi\/sv\/wp-json\/wp\/v2\/pages\/722\/revisions"}],"predecessor-version":[{"id":2071,"href":"https:\/\/luonnonmonimuotoisuus.fi\/sv\/wp-json\/wp\/v2\/pages\/722\/revisions\/2071"}],"wp:attachment":[{"href":"https:\/\/luonnonmonimuotoisuus.fi\/sv\/wp-json\/wp\/v2\/media?parent=722"}],"curies":[{"name":"wp","href":"https:\/\/api.w.org\/{rel}","templated":true}]}}